{"id":99,"date":"2024-02-11T14:13:13","date_gmt":"2024-02-11T14:13:13","guid":{"rendered":"https:\/\/nasslstr14.viehmann.de\/?page_id=99"},"modified":"2024-02-19T15:50:24","modified_gmt":"2024-02-19T15:50:24","slug":"zeichnungen-dachbelegung","status":"publish","type":"page","link":"https:\/\/nasslstr14.viehmann.de\/index.php\/zeichnungen-dachbelegung\/","title":{"rendered":"Zeichnungen-Dachbelegung"},"content":{"rendered":"<p><a href=\"https:\/\/nasslstr14.viehmann.de\/wp-content\/uploads\/2024\/02\/Nasslstrasse14_Uebersicht_Garage_und_Carport2.pdf\" target=\"_blank\" rel=\"noopener\">Carport gro\u00dfe Belegung<\/a><\/p>\n<p><a href=\"https:\/\/nasslstr14.viehmann.de\/wp-content\/uploads\/2024\/02\/Nasslstrasse14_Uebersicht_Haus.pdf\" target=\"_blank\" rel=\"noopener\">Na\u00dflstra\u00dfe14_\u00dcbersicht_Haus<\/a><\/p>\n<p><a href=\"https:\/\/nasslstr14.viehmann.de\/wp-content\/uploads\/2024\/02\/Nasslstrasse14_Uebersicht_Garage_und_k.Carport.pdf\" target=\"_blank\" rel=\"noopener\">Na\u00dflstra\u00dfe14_\u00dcbersicht_Garage_und_k.Carport<\/a><\/p>\n<p><a href=\"https:\/\/nasslstr14.viehmann.de\/wp-content\/uploads\/2024\/02\/Nasslstrasse14_Garage_Carport.pdf\" target=\"_blank\" rel=\"noopener\">Na\u00dflstra\u00dfe14_Garage_Carport<\/a><\/p>\n<p>&nbsp;<\/p>\n","protected":false},"excerpt":{"rendered":"<p>Carport gro\u00dfe Belegung Na\u00dflstra\u00dfe14_\u00dcbersicht_Haus Na\u00dflstra\u00dfe14_\u00dcbersicht_Garage_und_k.Carport Na\u00dflstra\u00dfe14_Garage_Carport &nbsp;<\/p>\n","protected":false},"author":1,"featured_media":0,"parent":0,"menu_order":0,"comment_status":"closed","ping_status":"closed","template":"","meta":{"footnotes":""},"class_list":["post-99","page","type-page","status-publish","hentry"],"_links":{"self":[{"href":"https:\/\/nasslstr14.viehmann.de\/index.php\/wp-json\/wp\/v2\/pages\/99","targetHints":{"allow":["GET"]}}],"collection":[{"href":"https:\/\/nasslstr14.viehmann.de\/index.php\/wp-json\/wp\/v2\/pages"}],"about":[{"href":"https:\/\/nasslstr14.viehmann.de\/index.php\/wp-json\/wp\/v2\/types\/page"}],"author":[{"embeddable":true,"href":"https:\/\/nasslstr14.viehmann.de\/index.php\/wp-json\/wp\/v2\/users\/1"}],"replies":[{"embeddable":true,"href":"https:\/\/nasslstr14.viehmann.de\/index.php\/wp-json\/wp\/v2\/comments?post=99"}],"version-history":[{"count":7,"href":"https:\/\/nasslstr14.viehmann.de\/index.php\/wp-json\/wp\/v2\/pages\/99\/revisions"}],"predecessor-version":[{"id":120,"href":"https:\/\/nasslstr14.viehmann.de\/index.php\/wp-json\/wp\/v2\/pages\/99\/revisions\/120"}],"wp:attachment":[{"href":"https:\/\/nasslstr14.viehmann.de\/index.php\/wp-json\/wp\/v2\/media?parent=99"}],"curies":[{"name":"wp","href":"https:\/\/api.w.org\/{rel}","templated":true}]}}